{"id":149,"date":"2025-08-30T10:53:13","date_gmt":"2025-08-30T10:53:13","guid":{"rendered":"https:\/\/japelj.si\/?page_id=149"},"modified":"2025-09-16T10:04:50","modified_gmt":"2025-09-16T10:04:50","slug":"sotori","status":"publish","type":"page","link":"https:\/\/japelj.si\/index.php\/sotori\/","title":{"rendered":"\u0160otori in cerade"},"content":{"rendered":"\n<p class=\"has-medium-font-size\">Izdelujemo kmetijske in industrijske \u0161otore do \u0161irine 15 metrov. Na va\u0161o \u017eeljo <a href=\"https:\/\/japelj.si\/index.php\/povprasevanje\/\">izdelamo in zamenjamo<\/a> va\u0161o staro cerado.<\/p>\n\n\n\n<figure class=\"wp-block-image size-large is-resized\"><img loading=\"lazy\" decoding=\"async\" width=\"1024\" height=\"768\" src=\"https:\/\/japelj.si\/wp-content\/uploads\/2025\/08\/background-1024x768.jpg\" alt=\"\" class=\"wp-image-24\" style=\"width:686px;height:auto\" srcset=\"https:\/\/japelj.si\/wp-content\/uploads\/2025\/08\/background-1024x768.jpg 1024w, https:\/\/japelj.si\/wp-content\/uploads\/2025\/08\/background-300x225.jpg 300w, https:\/\/japelj.si\/wp-content\/uploads\/2025\/08\/background-768x576.jpg 768w, https:\/\/japelj.si\/wp-content\/uploads\/2025\/08\/background-1536x1152.jpg 1536w, https:\/\/japelj.si\/wp-content\/uploads\/2025\/08\/background-80x60.jpg 80w, https:\/\/japelj.si\/wp-content\/uploads\/2025\/08\/background.jpg 1600w\" sizes=\"auto, (max-width: 1024px) 100vw, 1024px\" \/><\/figure>\n\n\n\n<figure class=\"wp-block-image size-large is-resized\"><img loading=\"lazy\" decoding=\"async\" width=\"1024\" height=\"768\" src=\"https:\/\/japelj.si\/wp-content\/uploads\/2025\/08\/44-1024x768.jpg\" alt=\"\" class=\"wp-image-91\" style=\"width:686px;height:auto\" srcset=\"https:\/\/japelj.si\/wp-content\/uploads\/2025\/08\/44-1024x768.jpg 1024w, https:\/\/japelj.si\/wp-content\/uploads\/2025\/08\/44-300x225.jpg 300w, https:\/\/japelj.si\/wp-content\/uploads\/2025\/08\/44-768x576.jpg 768w, https:\/\/japelj.si\/wp-content\/uploads\/2025\/08\/44-1536x1152.jpg 1536w, https:\/\/japelj.si\/wp-content\/uploads\/2025\/08\/44-80x60.jpg 80w, https:\/\/japelj.si\/wp-content\/uploads\/2025\/08\/44.jpg 1600w\" sizes=\"auto, (max-width: 1024px) 100vw, 1024px\" \/><\/figure>\n\n\n\n<figure class=\"wp-block-image size-large is-resized\"><img loading=\"lazy\" decoding=\"async\" width=\"1024\" height=\"1024\" src=\"https:\/\/japelj.si\/wp-content\/uploads\/2025\/08\/10-1024x1024.jpg\" alt=\"\" class=\"wp-image-72\" style=\"width:685px;height:auto\" srcset=\"https:\/\/japelj.si\/wp-content\/uploads\/2025\/08\/10-1024x1024.jpg 1024w, https:\/\/japelj.si\/wp-content\/uploads\/2025\/08\/10-300x300.jpg 300w, https:\/\/japelj.si\/wp-content\/uploads\/2025\/08\/10-150x150.jpg 150w, https:\/\/japelj.si\/wp-content\/uploads\/2025\/08\/10-768x768.jpg 768w, https:\/\/japelj.si\/wp-content\/uploads\/2025\/08\/10-1536x1536.jpg 1536w, https:\/\/japelj.si\/wp-content\/uploads\/2025\/08\/10.jpg 1600w\" sizes=\"auto, (max-width: 1024px) 100vw, 1024px\" \/><\/figure>\n","protected":false},"excerpt":{"rendered":"<p>Izdelujemo kmetijske in industrijske \u0161otore do \u0161irine 15 metrov. Na va\u0161o \u017eeljo izdelamo in zamenjamo va\u0161o staro cerado.<\/p>\n","protected":false},"author":1,"featured_media":0,"parent":0,"menu_order":0,"comment_status":"closed","ping_status":"closed","template":"","meta":{"footnotes":""},"class_list":["post-149","page","type-page","status-publish","hentry"],"yoast_head":"<!-- This site is optimized with the Yoast SEO plugin v25.9 - https:\/\/yoast.com\/wordpress\/plugins\/seo\/ -->\n<title>\u0160otori in cerade - Rastlinjaki Japelj<\/title>\n<meta name=\"robots\" content=\"index, follow, max-snippet:-1, max-image-preview:large, max-video-preview:-1\" \/>\n<link rel=\"canonical\" href=\"https:\/\/japelj.si\/index.php\/sotori\/\" \/>\n<meta property=\"og:locale\" content=\"sl_SI\" \/>\n<meta property=\"og:type\" content=\"article\" \/>\n<meta property=\"og:title\" content=\"\u0160otori in cerade - Rastlinjaki Japelj\" \/>\n<meta property=\"og:description\" content=\"Izdelujemo kmetijske in industrijske \u0161otore do \u0161irine 15 metrov. Na va\u0161o \u017eeljo izdelamo in zamenjamo va\u0161o staro cerado.\" \/>\n<meta property=\"og:url\" content=\"https:\/\/japelj.si\/index.php\/sotori\/\" \/>\n<meta property=\"og:site_name\" content=\"Rastlinjaki Japelj\" \/>\n<meta property=\"article:modified_time\" content=\"2025-09-16T10:04:50+00:00\" \/>\n<meta property=\"og:image\" content=\"https:\/\/japelj.si\/wp-content\/uploads\/2025\/08\/background.jpg\" \/>\n\t<meta property=\"og:image:width\" content=\"1600\" \/>\n\t<meta property=\"og:image:height\" content=\"1200\" \/>\n\t<meta property=\"og:image:type\" content=\"image\/jpeg\" \/>\n<meta name=\"twitter:card\" content=\"summary_large_image\" \/>\n<meta name=\"twitter:label1\" content=\"Est. reading time\" \/>\n\t<meta name=\"twitter:data1\" content=\"1 minuta\" \/>\n<script type=\"application\/ld+json\" class=\"yoast-schema-graph\">{\"@context\":\"https:\/\/schema.org\",\"@graph\":[{\"@type\":\"WebPage\",\"@id\":\"https:\/\/japelj.si\/index.php\/sotori\/\",\"url\":\"https:\/\/japelj.si\/index.php\/sotori\/\",\"name\":\"\u0160otori in cerade - Rastlinjaki Japelj\",\"isPartOf\":{\"@id\":\"https:\/\/japelj.si\/#website\"},\"primaryImageOfPage\":{\"@id\":\"https:\/\/japelj.si\/index.php\/sotori\/#primaryimage\"},\"image\":{\"@id\":\"https:\/\/japelj.si\/index.php\/sotori\/#primaryimage\"},\"thumbnailUrl\":\"https:\/\/japelj.si\/wp-content\/uploads\/2025\/08\/background-1024x768.jpg\",\"datePublished\":\"2025-08-30T10:53:13+00:00\",\"dateModified\":\"2025-09-16T10:04:50+00:00\",\"breadcrumb\":{\"@id\":\"https:\/\/japelj.si\/index.php\/sotori\/#breadcrumb\"},\"inLanguage\":\"sl-SI\",\"potentialAction\":[{\"@type\":\"ReadAction\",\"target\":[\"https:\/\/japelj.si\/index.php\/sotori\/\"]}]},{\"@type\":\"ImageObject\",\"inLanguage\":\"sl-SI\",\"@id\":\"https:\/\/japelj.si\/index.php\/sotori\/#primaryimage\",\"url\":\"https:\/\/japelj.si\/wp-content\/uploads\/2025\/08\/background.jpg\",\"contentUrl\":\"https:\/\/japelj.si\/wp-content\/uploads\/2025\/08\/background.jpg\",\"width\":1600,\"height\":1200},{\"@type\":\"BreadcrumbList\",\"@id\":\"https:\/\/japelj.si\/index.php\/sotori\/#breadcrumb\",\"itemListElement\":[{\"@type\":\"ListItem\",\"position\":1,\"name\":\"Home\",\"item\":\"https:\/\/japelj.si\/index.php\/home\/\"},{\"@type\":\"ListItem\",\"position\":2,\"name\":\"\u0160otori in cerade\"}]},{\"@type\":\"WebSite\",\"@id\":\"https:\/\/japelj.si\/#website\",\"url\":\"https:\/\/japelj.si\/\",\"name\":\"Rastlinjaki Japelj\",\"description\":\"\",\"publisher\":{\"@id\":\"https:\/\/japelj.si\/#organization\"},\"potentialAction\":[{\"@type\":\"SearchAction\",\"target\":{\"@type\":\"EntryPoint\",\"urlTemplate\":\"https:\/\/japelj.si\/?s={search_term_string}\"},\"query-input\":{\"@type\":\"PropertyValueSpecification\",\"valueRequired\":true,\"valueName\":\"search_term_string\"}}],\"inLanguage\":\"sl-SI\"},{\"@type\":\"Organization\",\"@id\":\"https:\/\/japelj.si\/#organization\",\"name\":\"Rastlinjaki Japelj\",\"url\":\"https:\/\/japelj.si\/\",\"logo\":{\"@type\":\"ImageObject\",\"inLanguage\":\"sl-SI\",\"@id\":\"https:\/\/japelj.si\/#\/schema\/logo\/image\/\",\"url\":\"https:\/\/japelj.si\/wp-content\/uploads\/2025\/08\/logo_web-3.png\",\"contentUrl\":\"https:\/\/japelj.si\/wp-content\/uploads\/2025\/08\/logo_web-3.png\",\"width\":91,\"height\":76,\"caption\":\"Rastlinjaki Japelj\"},\"image\":{\"@id\":\"https:\/\/japelj.si\/#\/schema\/logo\/image\/\"}}]}<\/script>\n<!-- \/ Yoast SEO plugin. -->","yoast_head_json":{"title":"\u0160otori in cerade - Rastlinjaki Japelj","robots":{"index":"index","follow":"follow","max-snippet":"max-snippet:-1","max-image-preview":"max-image-preview:large","max-video-preview":"max-video-preview:-1"},"canonical":"https:\/\/japelj.si\/index.php\/sotori\/","og_locale":"sl_SI","og_type":"article","og_title":"\u0160otori in cerade - Rastlinjaki Japelj","og_description":"Izdelujemo kmetijske in industrijske \u0161otore do \u0161irine 15 metrov. Na va\u0161o \u017eeljo izdelamo in zamenjamo va\u0161o staro cerado.","og_url":"https:\/\/japelj.si\/index.php\/sotori\/","og_site_name":"Rastlinjaki Japelj","article_modified_time":"2025-09-16T10:04:50+00:00","og_image":[{"width":1600,"height":1200,"url":"https:\/\/japelj.si\/wp-content\/uploads\/2025\/08\/background.jpg","type":"image\/jpeg"}],"twitter_card":"summary_large_image","twitter_misc":{"Est. reading time":"1 minuta"},"schema":{"@context":"https:\/\/schema.org","@graph":[{"@type":"WebPage","@id":"https:\/\/japelj.si\/index.php\/sotori\/","url":"https:\/\/japelj.si\/index.php\/sotori\/","name":"\u0160otori in cerade - Rastlinjaki Japelj","isPartOf":{"@id":"https:\/\/japelj.si\/#website"},"primaryImageOfPage":{"@id":"https:\/\/japelj.si\/index.php\/sotori\/#primaryimage"},"image":{"@id":"https:\/\/japelj.si\/index.php\/sotori\/#primaryimage"},"thumbnailUrl":"https:\/\/japelj.si\/wp-content\/uploads\/2025\/08\/background-1024x768.jpg","datePublished":"2025-08-30T10:53:13+00:00","dateModified":"2025-09-16T10:04:50+00:00","breadcrumb":{"@id":"https:\/\/japelj.si\/index.php\/sotori\/#breadcrumb"},"inLanguage":"sl-SI","potentialAction":[{"@type":"ReadAction","target":["https:\/\/japelj.si\/index.php\/sotori\/"]}]},{"@type":"ImageObject","inLanguage":"sl-SI","@id":"https:\/\/japelj.si\/index.php\/sotori\/#primaryimage","url":"https:\/\/japelj.si\/wp-content\/uploads\/2025\/08\/background.jpg","contentUrl":"https:\/\/japelj.si\/wp-content\/uploads\/2025\/08\/background.jpg","width":1600,"height":1200},{"@type":"BreadcrumbList","@id":"https:\/\/japelj.si\/index.php\/sotori\/#breadcrumb","itemListElement":[{"@type":"ListItem","position":1,"name":"Home","item":"https:\/\/japelj.si\/index.php\/home\/"},{"@type":"ListItem","position":2,"name":"\u0160otori in cerade"}]},{"@type":"WebSite","@id":"https:\/\/japelj.si\/#website","url":"https:\/\/japelj.si\/","name":"Rastlinjaki Japelj","description":"","publisher":{"@id":"https:\/\/japelj.si\/#organization"},"potentialAction":[{"@type":"SearchAction","target":{"@type":"EntryPoint","urlTemplate":"https:\/\/japelj.si\/?s={search_term_string}"},"query-input":{"@type":"PropertyValueSpecification","valueRequired":true,"valueName":"search_term_string"}}],"inLanguage":"sl-SI"},{"@type":"Organization","@id":"https:\/\/japelj.si\/#organization","name":"Rastlinjaki Japelj","url":"https:\/\/japelj.si\/","logo":{"@type":"ImageObject","inLanguage":"sl-SI","@id":"https:\/\/japelj.si\/#\/schema\/logo\/image\/","url":"https:\/\/japelj.si\/wp-content\/uploads\/2025\/08\/logo_web-3.png","contentUrl":"https:\/\/japelj.si\/wp-content\/uploads\/2025\/08\/logo_web-3.png","width":91,"height":76,"caption":"Rastlinjaki Japelj"},"image":{"@id":"https:\/\/japelj.si\/#\/schema\/logo\/image\/"}}]}},"_links":{"self":[{"href":"https:\/\/japelj.si\/index.php\/wp-json\/wp\/v2\/pages\/149","targetHints":{"allow":["GET"]}}],"collection":[{"href":"https:\/\/japelj.si\/index.php\/wp-json\/wp\/v2\/pages"}],"about":[{"href":"https:\/\/japelj.si\/index.php\/wp-json\/wp\/v2\/types\/page"}],"author":[{"embeddable":true,"href":"https:\/\/japelj.si\/index.php\/wp-json\/wp\/v2\/users\/1"}],"replies":[{"embeddable":true,"href":"https:\/\/japelj.si\/index.php\/wp-json\/wp\/v2\/comments?post=149"}],"version-history":[{"count":9,"href":"https:\/\/japelj.si\/index.php\/wp-json\/wp\/v2\/pages\/149\/revisions"}],"predecessor-version":[{"id":248,"href":"https:\/\/japelj.si\/index.php\/wp-json\/wp\/v2\/pages\/149\/revisions\/248"}],"wp:attachment":[{"href":"https:\/\/japelj.si\/index.php\/wp-json\/wp\/v2\/media?parent=149"}],"curies":[{"name":"wp","href":"https:\/\/api.w.org\/{rel}","templated":true}]}}