{"id":147,"date":"2025-08-30T10:52:52","date_gmt":"2025-08-30T10:52:52","guid":{"rendered":"https:\/\/japelj.si\/?page_id=147"},"modified":"2025-08-31T07:39:53","modified_gmt":"2025-08-31T07:39:53","slug":"rastlinjaki","status":"publish","type":"page","link":"https:\/\/japelj.si\/index.php\/rastlinjaki\/","title":{"rendered":"Rastlinjaki"},"content":{"rendered":"\n<p class=\"has-medium-font-size\">Rastlinjaki \u0161irine 2,5m, 3 m, 4 m in 5 m, poljubnih dol\u017ein, pa sestavimo na va\u0161em vrtu. Pri na\u010drtovanju hobi rastlinjakov smo upo\u0161tevali bogate izku\u0161nje s podro\u010dja gradnje profesionalnih objektov. Upo\u0161tevali smo dejstva, da mora biti rastlinjak grajen tako, da u\u010dinkovito izrablja son\u010dne \u017earke, ima dovolj volumna za zagotavljanje stabilne klime in je odporen na sneg, mo\u010dne sunke vetra in tudi to\u010do.<\/p>\n\n\n\n<p class=\"has-medium-font-size\">Pomembno je, da ima rastlinjak dovolj visoko ravno bo\u010dno linijo, ki nam omogo\u010da stojno vi\u0161ino po vsej \u0161irini. V tem primeru lahko gredo obdelujemo do samega roba objekta, v primeru de\u017eja pa nam skozi odprte zra\u010dnike voda ne bo zatekala v rastlinjak. Za prekritje uporabljamo UV stabilizirano folijo debeline 200 mikronov. Vsi rastlinjaki imajo pocinkano konstrukcijo. Opremljeni so z vrati in ro\u010dnim bo\u010dnim prezra\u010devanjem.<\/p>\n\n\n\n<p class=\"has-medium-font-size\">Vsi rastlinjaki imajo bo\u010dno prezra\u010devanje na obeh straneh.Kot trdna osnova je vsem rastlinjakom skupen kovinski okvir, ki se vkoplje v zemljo. Zaradi tega je prestavitev razmeroma enostavna &#8211; mo\u017enost kolobarjenja.<\/p>\n\n\n\n<p class=\"has-medium-font-size\">Rastlinjak je mo\u017eno postaviti tudi na \u017ee zasajeno gredo.<\/p>\n\n\n\n<p class=\"has-large-font-size\"><strong>Vrtni tipski rastlinjaki:<\/strong><\/p>\n\n\n\n<p class=\"has-medium-font-size\"><strong>2,5 in 3 metre \u0161irine<\/strong><\/p>\n\n\n\n<figure class=\"wp-block-gallery has-nested-images columns-default is-cropped wp-block-gallery-1 is-layout-flex wp-block-gallery-is-layout-flex\">\n<figure class=\"wp-block-image size-large\"><img loading=\"lazy\" decoding=\"async\" width=\"768\" height=\"1024\" data-id=\"88\" src=\"https:\/\/japelj.si\/wp-content\/uploads\/2025\/08\/30-768x1024.jpg\" alt=\"2,5 metra\" class=\"wp-image-88\" srcset=\"https:\/\/japelj.si\/wp-content\/uploads\/2025\/08\/30-768x1024.jpg 768w, https:\/\/japelj.si\/wp-content\/uploads\/2025\/08\/30-225x300.jpg 225w, https:\/\/japelj.si\/wp-content\/uploads\/2025\/08\/30-1152x1536.jpg 1152w, https:\/\/japelj.si\/wp-content\/uploads\/2025\/08\/30.jpg 1200w\" sizes=\"auto, (max-width: 768px) 100vw, 768px\" \/><figcaption class=\"wp-element-caption\">2,5 metra<\/figcaption><\/figure>\n\n\n\n<figure class=\"wp-block-image size-large\"><img loading=\"lazy\" decoding=\"async\" width=\"1024\" height=\"1024\" data-id=\"31\" src=\"https:\/\/japelj.si\/wp-content\/uploads\/2025\/08\/background-1-1024x1024.jpg\" alt=\"3 metre\" class=\"wp-image-31\" srcset=\"https:\/\/japelj.si\/wp-content\/uploads\/2025\/08\/background-1-1024x1024.jpg 1024w, https:\/\/japelj.si\/wp-content\/uploads\/2025\/08\/background-1-300x300.jpg 300w, https:\/\/japelj.si\/wp-content\/uploads\/2025\/08\/background-1-150x150.jpg 150w, https:\/\/japelj.si\/wp-content\/uploads\/2025\/08\/background-1-768x768.jpg 768w, https:\/\/japelj.si\/wp-content\/uploads\/2025\/08\/background-1-1536x1536.jpg 1536w, https:\/\/japelj.si\/wp-content\/uploads\/2025\/08\/background-1.jpg 1600w\" sizes=\"auto, (max-width: 1024px) 100vw, 1024px\" \/><figcaption class=\"wp-element-caption\">3 metre<\/figcaption><\/figure>\n<\/figure>\n\n\n\n<p class=\"has-medium-font-size\"><strong>4 in 5 metrov \u0161irine<\/strong><\/p>\n\n\n\n<figure class=\"wp-block-gallery has-nested-images columns-default is-cropped wp-block-gallery-2 is-layout-flex wp-block-gallery-is-layout-flex\">\n<figure class=\"wp-block-image size-large\"><img loading=\"lazy\" decoding=\"async\" width=\"1024\" height=\"768\" data-id=\"76\" src=\"https:\/\/japelj.si\/wp-content\/uploads\/2025\/08\/16-1024x768.jpg\" alt=\"\" class=\"wp-image-76\" srcset=\"https:\/\/japelj.si\/wp-content\/uploads\/2025\/08\/16-1024x768.jpg 1024w, https:\/\/japelj.si\/wp-content\/uploads\/2025\/08\/16-300x225.jpg 300w, https:\/\/japelj.si\/wp-content\/uploads\/2025\/08\/16-768x576.jpg 768w, https:\/\/japelj.si\/wp-content\/uploads\/2025\/08\/16-1536x1152.jpg 1536w, https:\/\/japelj.si\/wp-content\/uploads\/2025\/08\/16-80x60.jpg 80w, https:\/\/japelj.si\/wp-content\/uploads\/2025\/08\/16.jpg 1600w\" sizes=\"auto, (max-width: 1024px) 100vw, 1024px\" \/><figcaption class=\"wp-element-caption\">4 metre<\/figcaption><\/figure>\n\n\n\n<figure class=\"wp-block-image size-large\"><img loading=\"lazy\" decoding=\"async\" width=\"1024\" height=\"1024\" data-id=\"71\" src=\"https:\/\/japelj.si\/wp-content\/uploads\/2025\/08\/8-1024x1024.jpg\" alt=\"\" class=\"wp-image-71\" srcset=\"https:\/\/japelj.si\/wp-content\/uploads\/2025\/08\/8-1024x1024.jpg 1024w, https:\/\/japelj.si\/wp-content\/uploads\/2025\/08\/8-300x300.jpg 300w, https:\/\/japelj.si\/wp-content\/uploads\/2025\/08\/8-150x150.jpg 150w, https:\/\/japelj.si\/wp-content\/uploads\/2025\/08\/8-768x768.jpg 768w, https:\/\/japelj.si\/wp-content\/uploads\/2025\/08\/8-1536x1536.jpg 1536w, https:\/\/japelj.si\/wp-content\/uploads\/2025\/08\/8.jpg 1600w\" sizes=\"auto, (max-width: 1024px) 100vw, 1024px\" \/><figcaption class=\"wp-element-caption\">5 metrov<\/figcaption><\/figure>\n<\/figure>\n\n\n\n<p class=\"has-medium-font-size\"><\/p>\n\n\n\n<p class=\"has-medium-font-size\"><strong>Profesionalni rastlinjaki po meri in va\u0161ih \u017eeljah<\/strong><\/p>\n\n\n\n<figure class=\"wp-block-gallery has-nested-images columns-default is-cropped wp-block-gallery-3 is-layout-flex wp-block-gallery-is-layout-flex\">\n<figure class=\"wp-block-image size-large\"><img loading=\"lazy\" decoding=\"async\" width=\"1024\" height=\"768\" data-id=\"86\" src=\"https:\/\/japelj.si\/wp-content\/uploads\/2025\/08\/28-1024x768.jpg\" alt=\"\" class=\"wp-image-86\" srcset=\"https:\/\/japelj.si\/wp-content\/uploads\/2025\/08\/28-1024x768.jpg 1024w, https:\/\/japelj.si\/wp-content\/uploads\/2025\/08\/28-300x225.jpg 300w, https:\/\/japelj.si\/wp-content\/uploads\/2025\/08\/28-768x576.jpg 768w, https:\/\/japelj.si\/wp-content\/uploads\/2025\/08\/28-1536x1152.jpg 1536w, https:\/\/japelj.si\/wp-content\/uploads\/2025\/08\/28-80x60.jpg 80w, https:\/\/japelj.si\/wp-content\/uploads\/2025\/08\/28.jpg 1600w\" sizes=\"auto, (max-width: 1024px) 100vw, 1024px\" \/><figcaption class=\"wp-element-caption\">Profesionalni rastlinjaki<\/figcaption><\/figure>\n<\/figure>\n","protected":false},"excerpt":{"rendered":"<p>Rastlinjaki \u0161irine 2,5m, 3 m, 4 m in 5 m, poljubnih dol\u017ein, pa sestavimo na va\u0161em vrtu. Pri na\u010drtovanju hobi rastlinjakov smo upo\u0161tevali bogate izku\u0161nje s podro\u010dja gradnje profesionalnih objektov. Upo\u0161tevali smo dejstva, da mora biti rastlinjak grajen tako, da u\u010dinkovito izrablja son\u010dne \u017earke, ima dovolj volumna za zagotavljanje stabilne klime in je odporen na [&hellip;]<\/p>\n","protected":false},"author":1,"featured_media":0,"parent":0,"menu_order":0,"comment_status":"closed","ping_status":"closed","template":"","meta":{"footnotes":""},"class_list":["post-147","page","type-page","status-publish","hentry"],"yoast_head":"<!-- This site is optimized with the Yoast SEO plugin v25.9 - https:\/\/yoast.com\/wordpress\/plugins\/seo\/ -->\n<title>Rastlinjaki - Rastlinjaki Japelj<\/title>\n<meta name=\"robots\" content=\"index, follow, max-snippet:-1, max-image-preview:large, max-video-preview:-1\" \/>\n<link rel=\"canonical\" href=\"https:\/\/japelj.si\/index.php\/rastlinjaki\/\" \/>\n<meta property=\"og:locale\" content=\"sl_SI\" \/>\n<meta property=\"og:type\" content=\"article\" \/>\n<meta property=\"og:title\" content=\"Rastlinjaki - Rastlinjaki Japelj\" \/>\n<meta property=\"og:description\" content=\"Rastlinjaki \u0161irine 2,5m, 3 m, 4 m in 5 m, poljubnih dol\u017ein, pa sestavimo na va\u0161em vrtu. Pri na\u010drtovanju hobi rastlinjakov smo upo\u0161tevali bogate izku\u0161nje s podro\u010dja gradnje profesionalnih objektov. Upo\u0161tevali smo dejstva, da mora biti rastlinjak grajen tako, da u\u010dinkovito izrablja son\u010dne \u017earke, ima dovolj volumna za zagotavljanje stabilne klime in je odporen na [&hellip;]\" \/>\n<meta property=\"og:url\" content=\"https:\/\/japelj.si\/index.php\/rastlinjaki\/\" \/>\n<meta property=\"og:site_name\" content=\"Rastlinjaki Japelj\" \/>\n<meta property=\"article:modified_time\" content=\"2025-08-31T07:39:53+00:00\" \/>\n<meta property=\"og:image\" content=\"https:\/\/japelj.si\/wp-content\/uploads\/2025\/08\/30.jpg\" \/>\n\t<meta property=\"og:image:width\" content=\"1200\" \/>\n\t<meta property=\"og:image:height\" content=\"1600\" \/>\n\t<meta property=\"og:image:type\" content=\"image\/jpeg\" \/>\n<meta name=\"twitter:card\" content=\"summary_large_image\" \/>\n<meta name=\"twitter:label1\" content=\"Est. reading time\" \/>\n\t<meta name=\"twitter:data1\" content=\"3 minute\" \/>\n<script type=\"application\/ld+json\" class=\"yoast-schema-graph\">{\"@context\":\"https:\/\/schema.org\",\"@graph\":[{\"@type\":\"WebPage\",\"@id\":\"https:\/\/japelj.si\/index.php\/rastlinjaki\/\",\"url\":\"https:\/\/japelj.si\/index.php\/rastlinjaki\/\",\"name\":\"Rastlinjaki - Rastlinjaki Japelj\",\"isPartOf\":{\"@id\":\"https:\/\/japelj.si\/#website\"},\"primaryImageOfPage\":{\"@id\":\"https:\/\/japelj.si\/index.php\/rastlinjaki\/#primaryimage\"},\"image\":{\"@id\":\"https:\/\/japelj.si\/index.php\/rastlinjaki\/#primaryimage\"},\"thumbnailUrl\":\"https:\/\/japelj.si\/wp-content\/uploads\/2025\/08\/30-768x1024.jpg\",\"datePublished\":\"2025-08-30T10:52:52+00:00\",\"dateModified\":\"2025-08-31T07:39:53+00:00\",\"breadcrumb\":{\"@id\":\"https:\/\/japelj.si\/index.php\/rastlinjaki\/#breadcrumb\"},\"inLanguage\":\"sl-SI\",\"potentialAction\":[{\"@type\":\"ReadAction\",\"target\":[\"https:\/\/japelj.si\/index.php\/rastlinjaki\/\"]}]},{\"@type\":\"ImageObject\",\"inLanguage\":\"sl-SI\",\"@id\":\"https:\/\/japelj.si\/index.php\/rastlinjaki\/#primaryimage\",\"url\":\"https:\/\/japelj.si\/wp-content\/uploads\/2025\/08\/30.jpg\",\"contentUrl\":\"https:\/\/japelj.si\/wp-content\/uploads\/2025\/08\/30.jpg\",\"width\":1200,\"height\":1600},{\"@type\":\"BreadcrumbList\",\"@id\":\"https:\/\/japelj.si\/index.php\/rastlinjaki\/#breadcrumb\",\"itemListElement\":[{\"@type\":\"ListItem\",\"position\":1,\"name\":\"Home\",\"item\":\"https:\/\/japelj.si\/index.php\/home\/\"},{\"@type\":\"ListItem\",\"position\":2,\"name\":\"Rastlinjaki\"}]},{\"@type\":\"WebSite\",\"@id\":\"https:\/\/japelj.si\/#website\",\"url\":\"https:\/\/japelj.si\/\",\"name\":\"Rastlinjaki Japelj\",\"description\":\"\",\"publisher\":{\"@id\":\"https:\/\/japelj.si\/#organization\"},\"potentialAction\":[{\"@type\":\"SearchAction\",\"target\":{\"@type\":\"EntryPoint\",\"urlTemplate\":\"https:\/\/japelj.si\/?s={search_term_string}\"},\"query-input\":{\"@type\":\"PropertyValueSpecification\",\"valueRequired\":true,\"valueName\":\"search_term_string\"}}],\"inLanguage\":\"sl-SI\"},{\"@type\":\"Organization\",\"@id\":\"https:\/\/japelj.si\/#organization\",\"name\":\"Rastlinjaki Japelj\",\"url\":\"https:\/\/japelj.si\/\",\"logo\":{\"@type\":\"ImageObject\",\"inLanguage\":\"sl-SI\",\"@id\":\"https:\/\/japelj.si\/#\/schema\/logo\/image\/\",\"url\":\"https:\/\/japelj.si\/wp-content\/uploads\/2025\/08\/logo_web-3.png\",\"contentUrl\":\"https:\/\/japelj.si\/wp-content\/uploads\/2025\/08\/logo_web-3.png\",\"width\":91,\"height\":76,\"caption\":\"Rastlinjaki Japelj\"},\"image\":{\"@id\":\"https:\/\/japelj.si\/#\/schema\/logo\/image\/\"}}]}<\/script>\n<!-- \/ Yoast SEO plugin. -->","yoast_head_json":{"title":"Rastlinjaki - Rastlinjaki Japelj","robots":{"index":"index","follow":"follow","max-snippet":"max-snippet:-1","max-image-preview":"max-image-preview:large","max-video-preview":"max-video-preview:-1"},"canonical":"https:\/\/japelj.si\/index.php\/rastlinjaki\/","og_locale":"sl_SI","og_type":"article","og_title":"Rastlinjaki - Rastlinjaki Japelj","og_description":"Rastlinjaki \u0161irine 2,5m, 3 m, 4 m in 5 m, poljubnih dol\u017ein, pa sestavimo na va\u0161em vrtu. Pri na\u010drtovanju hobi rastlinjakov smo upo\u0161tevali bogate izku\u0161nje s podro\u010dja gradnje profesionalnih objektov. Upo\u0161tevali smo dejstva, da mora biti rastlinjak grajen tako, da u\u010dinkovito izrablja son\u010dne \u017earke, ima dovolj volumna za zagotavljanje stabilne klime in je odporen na [&hellip;]","og_url":"https:\/\/japelj.si\/index.php\/rastlinjaki\/","og_site_name":"Rastlinjaki Japelj","article_modified_time":"2025-08-31T07:39:53+00:00","og_image":[{"width":1200,"height":1600,"url":"https:\/\/japelj.si\/wp-content\/uploads\/2025\/08\/30.jpg","type":"image\/jpeg"}],"twitter_card":"summary_large_image","twitter_misc":{"Est. reading time":"3 minute"},"schema":{"@context":"https:\/\/schema.org","@graph":[{"@type":"WebPage","@id":"https:\/\/japelj.si\/index.php\/rastlinjaki\/","url":"https:\/\/japelj.si\/index.php\/rastlinjaki\/","name":"Rastlinjaki - Rastlinjaki Japelj","isPartOf":{"@id":"https:\/\/japelj.si\/#website"},"primaryImageOfPage":{"@id":"https:\/\/japelj.si\/index.php\/rastlinjaki\/#primaryimage"},"image":{"@id":"https:\/\/japelj.si\/index.php\/rastlinjaki\/#primaryimage"},"thumbnailUrl":"https:\/\/japelj.si\/wp-content\/uploads\/2025\/08\/30-768x1024.jpg","datePublished":"2025-08-30T10:52:52+00:00","dateModified":"2025-08-31T07:39:53+00:00","breadcrumb":{"@id":"https:\/\/japelj.si\/index.php\/rastlinjaki\/#breadcrumb"},"inLanguage":"sl-SI","potentialAction":[{"@type":"ReadAction","target":["https:\/\/japelj.si\/index.php\/rastlinjaki\/"]}]},{"@type":"ImageObject","inLanguage":"sl-SI","@id":"https:\/\/japelj.si\/index.php\/rastlinjaki\/#primaryimage","url":"https:\/\/japelj.si\/wp-content\/uploads\/2025\/08\/30.jpg","contentUrl":"https:\/\/japelj.si\/wp-content\/uploads\/2025\/08\/30.jpg","width":1200,"height":1600},{"@type":"BreadcrumbList","@id":"https:\/\/japelj.si\/index.php\/rastlinjaki\/#breadcrumb","itemListElement":[{"@type":"ListItem","position":1,"name":"Home","item":"https:\/\/japelj.si\/index.php\/home\/"},{"@type":"ListItem","position":2,"name":"Rastlinjaki"}]},{"@type":"WebSite","@id":"https:\/\/japelj.si\/#website","url":"https:\/\/japelj.si\/","name":"Rastlinjaki Japelj","description":"","publisher":{"@id":"https:\/\/japelj.si\/#organization"},"potentialAction":[{"@type":"SearchAction","target":{"@type":"EntryPoint","urlTemplate":"https:\/\/japelj.si\/?s={search_term_string}"},"query-input":{"@type":"PropertyValueSpecification","valueRequired":true,"valueName":"search_term_string"}}],"inLanguage":"sl-SI"},{"@type":"Organization","@id":"https:\/\/japelj.si\/#organization","name":"Rastlinjaki Japelj","url":"https:\/\/japelj.si\/","logo":{"@type":"ImageObject","inLanguage":"sl-SI","@id":"https:\/\/japelj.si\/#\/schema\/logo\/image\/","url":"https:\/\/japelj.si\/wp-content\/uploads\/2025\/08\/logo_web-3.png","contentUrl":"https:\/\/japelj.si\/wp-content\/uploads\/2025\/08\/logo_web-3.png","width":91,"height":76,"caption":"Rastlinjaki Japelj"},"image":{"@id":"https:\/\/japelj.si\/#\/schema\/logo\/image\/"}}]}},"_links":{"self":[{"href":"https:\/\/japelj.si\/index.php\/wp-json\/wp\/v2\/pages\/147","targetHints":{"allow":["GET"]}}],"collection":[{"href":"https:\/\/japelj.si\/index.php\/wp-json\/wp\/v2\/pages"}],"about":[{"href":"https:\/\/japelj.si\/index.php\/wp-json\/wp\/v2\/types\/page"}],"author":[{"embeddable":true,"href":"https:\/\/japelj.si\/index.php\/wp-json\/wp\/v2\/users\/1"}],"replies":[{"embeddable":true,"href":"https:\/\/japelj.si\/index.php\/wp-json\/wp\/v2\/comments?post=147"}],"version-history":[{"count":7,"href":"https:\/\/japelj.si\/index.php\/wp-json\/wp\/v2\/pages\/147\/revisions"}],"predecessor-version":[{"id":198,"href":"https:\/\/japelj.si\/index.php\/wp-json\/wp\/v2\/pages\/147\/revisions\/198"}],"wp:attachment":[{"href":"https:\/\/japelj.si\/index.php\/wp-json\/wp\/v2\/media?parent=147"}],"curies":[{"name":"wp","href":"https:\/\/api.w.org\/{rel}","templated":true}]}}